{"id":2495,"date":"2017-06-20T02:40:42","date_gmt":"2017-06-20T02:40:42","guid":{"rendered":"http:\/\/gavias-demo.website\/wp-foxin\/?page_id=2495"},"modified":"2019-01-13T09:42:53","modified_gmt":"2019-01-13T08:42:53","slug":"service-2-3","status":"publish","type":"page","link":"https:\/\/piscines-expert.fr\/?page_id=2495","title":{"rendered":"GESTIONS DE LITIGES"},"content":{"rendered":"<p>[vc_row][vc_column][vc_column_text]<\/p>\n<div class=\"rotate-text\">\n<div class=\"primary-text text-black\">Expertise et conciliation : <span id=\"typer\" class=\"typer\" data-typer-targets=\"Rapport d\u2019expertise, Partenariat laboratoires sp\u00e9cialis\u00e9s,\"> Aide \u00e0 la d\u00e9cision <\/span><\/div>\n<div class=\"second-text text-black\">L\u2019expertise est un dispositif d\u2019aide \u00e0 la d\u00e9cision. En recherchant des \u00e9v\u00e8nements techniques, puis en confrontant leur logique aux interrogations, l\u2019expert piscine met en lumi\u00e8re les dysfonctionnements d\u2019une installation puis formalise les constats dans un rapport.<\/div>\n<\/div>\n<p>[\/vc_column_text][vc_separator][vc_column_text]<\/p>\n<h4>L\u2019expert piscine doit :<\/h4>\n<ul>\n<li>\n<h5>Evaluer la port\u00e9e de la probl\u00e9matique.<\/h5>\n<\/li>\n<li>\n<h5>D\u00e9finir une m\u00e9thode d\u2019expertise appropri\u00e9e<\/h5>\n<\/li>\n<li>\n<h5>R\u00e9aliser une s\u00e9rie d\u2019actions (\u00e9tudes compl\u00e9mentaires, pr\u00e9l\u00e8vements, analyses, bibliographie\u2026) sp\u00e9cifiques \u00e0 l\u2019expertise demand\u00e9e<\/h5>\n<\/li>\n<li>\n<h5>Analyser de fa\u00e7on critique les donn\u00e9es recueillies<\/h5>\n<\/li>\n<li>\n<h5>Fournir au demandeur le produit de l\u2019expertise formalis\u00e9 sous la forme d\u2019un rapport<\/h5>\n<\/li>\n<\/ul>\n<p>[\/vc_column_text][\/vc_column][\/vc_row][vc_row isfullwidth=\u00a0\u00bb\u00a0\u00bb css=\u00a0\u00bb.vc_custom_1497926633097{background-color: #f5f5f5 !important;}\u00a0\u00bb][vc_column][vc_row_inner][vc_column_inner width=\u00a0\u00bb1\/3&Prime;][gva_icon_box title=\u00a0\u00bbPartenariat\u00a0\u00bb description=\u00a0\u00bbCe p\u00f4le de comp\u00e9tence est renforc\u00e9 par plusieurs partenariats avec des laboratoires sp\u00e9cialis\u00e9s (vieillissement des polym\u00e8res, analyses de structure, analyses d\u2019eau\u2026).\u00a0\u00bb icon_position=\u00a0\u00bbleft\u00a0\u00bb background_box=\u00a0\u00bb#fff\u00a0\u00bb link=\u00a0\u00bb#\u00a0\u00bb][\/vc_column_inner][vc_column_inner width=\u00a0\u00bb1\/3&Prime;][gva_icon_box title=\u00a0\u00bbRapport d\u2019expertise amiable\u00a0\u00bb description=\u00a0\u00bbL&rsquo;expert piscine pr\u00e9conise et chiffre les solutions techniques permettant de r\u00e9soudre le probl\u00e8me. Il confronte ensuite le pisciniste incrimin\u00e9 pour aboutir \u00e0 une solution amiable. \u00a0\u00bb icon_position=\u00a0\u00bbleft\u00a0\u00bb background_box=\u00a0\u00bb#fff\u00a0\u00bb link=\u00a0\u00bb#\u00a0\u00bb][\/vc_column_inner][vc_column_inner width=\u00a0\u00bb1\/3&Prime;][gva_icon_box title=\u00a0\u00bbDossier juridique\u00a0\u00bb description=\u00a0\u00bbEn cas d\u2019impossibilit\u00e9 de trouver un accord, le rapport d\u2019expertise amiable sert de base \u00e0 la constitution d\u2019un dossier juridique en vue de saisir la juridiction comp\u00e9tente.\u00a0\u00bb icon_position=\u00a0\u00bbleft\u00a0\u00bb background_box=\u00a0\u00bb#fff\u00a0\u00bb link=\u00a0\u00bb#\u00a0\u00bb][\/vc_column_inner][\/vc_row_inner][\/vc_column][\/vc_row][vc_row][vc_column][gva_block_heading title=\u00a0\u00bbL&rsquo;expert piscine vous accompagne\u00a0\u00bb align=\u00a0\u00bbalign-left\u00a0\u00bb desc=\u00a0\u00bbEn cas d\u00e9saccord total, la seule issue consiste \u00e0 se rapprocher d\u2019un avocat pour saisir la juridiction comp\u00e9tente.\u00a0\u00bb][gva_block_heading style=\u00a0\u00bbstyle-default v2&Prime; align=\u00a0\u00bbalign-left\u00a0\u00bb desc=\u00a0\u00bbL&rsquo;expert piscine vous accompagne en qualit\u00e9 d\u2019expert priv\u00e9 afin d\u2019assister l\u2019expert judiciaire dans la mission que lui confie le Tribunal.\u00a0\u00bb][\/vc_column][\/vc_row][vc_row video_bg=\u00a0\u00bbyes\u00a0\u00bb video_bg_url=\u00a0\u00bbhttps:\/\/www.youtube.com\/watch?v=X-dMOvEOQiM\u00a0\u00bb css=\u00a0\u00bb.vc_custom_1497925591771{background-color: #222222 !important;}\u00a0\u00bb][vc_column][gva_block_heading title=\u00a0\u00bbUn litige avec votre piscine : faites appel \u00e0 un expert piscine\u00a0\u00bb style_text=\u00a0\u00bbtext-light\u00a0\u00bb][\/vc_column][\/vc_row]<\/p>\n","protected":false},"excerpt":{"rendered":"<p>[vc_row][vc_column][vc_column_text] Expertise et conciliation : Aide \u00e0 la d\u00e9cision L\u2019expertise est un dispositif d\u2019aide \u00e0 la d\u00e9cision. En recherchant des \u00e9v\u00e8nements techniques, puis en confrontant leur logique aux interrogations, l\u2019expert piscine met en lumi\u00e8re les dysfonctionnements d\u2019une installation puis formalise les constats dans un rapport. [\/vc_column_text][vc_separator][vc_column_text] L\u2019expert piscine doit : Evaluer la port\u00e9e de la [&hellip;]<\/p>\n","protected":false},"author":1,"featured_media":0,"parent":0,"menu_order":0,"comment_status":"closed","ping_status":"closed","template":"","meta":{"footnotes":""},"class_list":["post-2495","page","type-page","status-publish","hentry"],"_links":{"self":[{"href":"https:\/\/piscines-expert.fr\/index.php?rest_route=\/wp\/v2\/pages\/2495"}],"collection":[{"href":"https:\/\/piscines-expert.fr\/index.php?rest_route=\/wp\/v2\/pages"}],"about":[{"href":"https:\/\/piscines-expert.fr\/index.php?rest_route=\/wp\/v2\/types\/page"}],"author":[{"embeddable":true,"href":"https:\/\/piscines-expert.fr\/index.php?rest_route=\/wp\/v2\/users\/1"}],"replies":[{"embeddable":true,"href":"https:\/\/piscines-expert.fr\/index.php?rest_route=%2Fwp%2Fv2%2Fcomments&post=2495"}],"version-history":[{"count":18,"href":"https:\/\/piscines-expert.fr\/index.php?rest_route=\/wp\/v2\/pages\/2495\/revisions"}],"predecessor-version":[{"id":2742,"href":"https:\/\/piscines-expert.fr\/index.php?rest_route=\/wp\/v2\/pages\/2495\/revisions\/2742"}],"wp:attachment":[{"href":"https:\/\/piscines-expert.fr\/index.php?rest_route=%2Fwp%2Fv2%2Fmedia&parent=2495"}],"curies":[{"name":"wp","href":"https:\/\/api.w.org\/{rel}","templated":true}]}}