{"id":2644,"date":"2018-09-09T11:10:05","date_gmt":"2018-09-09T09:10:05","guid":{"rendered":"https:\/\/piscines-expert.fr\/?page_id=2644"},"modified":"2018-09-09T11:10:05","modified_gmt":"2018-09-09T09:10:05","slug":"execution-des-travaux","status":"publish","type":"page","link":"https:\/\/piscines-expert.fr\/?page_id=2644","title":{"rendered":"Ex\u00e9cution des travaux"},"content":{"rendered":"<p>[vc_row row_space=\u00a0\u00bbremove_padding_top\u00a0\u00bb css=\u00a0\u00bb.vc_custom_1496072413072{padding-top: 30px !important;}\u00a0\u00bb][vc_column el_class=\u00a0\u00bbcol-border\u00a0\u00bb][vc_toggle title=\u00a0\u00bbDiagnostic\u00a0\u00bb el_id=\u00a0\u00bb1457750845689-739a48a3-2840&Prime;]La premi\u00e8re \u00e9tape qui conditionne la r\u00e9ussite de votre projet de piscine est essentielle. Il s\u2019agit de poser le bon diagnostic \u00e0 votre projet. Ce diagnostic s\u2019appuie sur plusieurs<\/p>\n<p>donn\u00e9es techniques qu\u2019il faut rechercher ou mesurer.<\/p>\n<ul>\n<li>Diagnostic des existants\u00a0: ce point est particuli\u00e8rement pertinent lorsqu\u2019il s\u2019agit de projet de r\u00e9novation d\u2019une piscine ancienne.<\/li>\n<li>Sondage de sol\u00a0: Une piscine repr\u00e9sente un poids de plusieurs dizaines de tonnes. Il est indispensable de connaitre la nature et la portance du sous-sol pour dimensionner correctement les structures porteuses et proposer un projet adapt\u00e9.<\/li>\n<li>Analyse d\u2019eau\u00a0: il est important de connaitre les qualit\u00e9s de l\u2019eau de ville dont vous disposez. A partir d\u2019une analyse d\u2019eau, il est possible d\u2019anticiper les futures difficult\u00e9s et de dimensionner en amont les solutions correctrices.<\/li>\n<li>Acc\u00e8s\u00a0: il est important de connaitre les contraintes d\u2019acc\u00e8s au futur chantier. Le cheminement des mat\u00e9riaux, le passage des engins m\u00e9canis\u00e9s, le tra\u00e7age des canalisations\u2026 seront autant d\u2019\u00e9l\u00e9ments perturbateurs qu\u2019il faut appr\u00e9hender d\u00e8s le diagnostic du projet.<\/li>\n<li>Le financement du projet doit \u00eatre abord\u00e9. Inutile de s\u2019aventurer dans le chiffrage de solutions qui ne rentrent pas dans le budget.<\/li>\n<li>D\u00e9marches administratives<\/li>\n<\/ul>\n<p>&nbsp;<\/p>\n<p>D\u2019autres questions seront abord\u00e9es et des r\u00e9ponses pr\u00e9cises sont n\u00e9cessaires.[\/vc_toggle][vc_toggle title=\u00a0\u00bbEtude de faisabilit\u00e9\u00a0\u00bb el_id=\u00a0\u00bb1457750868241-e1b4ae5b-0134&Prime;]Le financement du projet \u00e9tant assur\u00e9, la phase d\u2019\u00e9tude commence. Cette phase tr\u00e8s technique int\u00e8gre une grande vari\u00e9t\u00e9 de comp\u00e9tences et de savoir-faire.<\/p>\n<p>M\u00eame construite en s\u00e9rie par un fabricant (coques polyester), une piscine reste une pi\u00e8ce unique, totalement \u00e0 part, dans sa conception et son installation.<\/p>\n<p>Notre cabinet d\u2019expertise vous accompagne dans la d\u00e9finition de tous les organes essentiels au fonctionnement et \u00e0 la coh\u00e9rence de l\u2019ensemble. Il s\u2019agit d\u2019assurer :<\/p>\n<ul>\n<li>L\u2019attractivit\u00e9 de la piscine et son adaptation \u00e0 vos attentes.<\/li>\n<li>Le dimensionnement coh\u00e9rent de tous les \u00e9quipements techniques de la piscine.<\/li>\n<li>La compatibilit\u00e9 de l\u2019ensemble de la construction avec les normes en vigueur.<\/li>\n<li>La parfaite s\u00e9curit\u00e9 de la piscine.<\/li>\n<\/ul>\n<p>[\/vc_toggle][vc_toggle title=\u00a0\u00bbD\u00e9finition technique\u00a0\u00bb el_id=\u00a0\u00bb1457750867364-d42648bc-b4ff\u00a0\u00bb]Lorsque le projet est d\u00e9fini, vous avez deux choix possibles.<\/p>\n<ul>\n<li>Vous pouvez consulter un ou plusieurs professionnels de la piscine qui produiront des devis en coh\u00e9rence avec les informations que nous vous aurons pr\u00e9alablement transmises. Nous limitons notre mission \u00e0 un accompagnement sommaire (assurances du pisciniste).<\/li>\n<\/ul>\n<p>&nbsp;<\/p>\n<ul>\n<li>Vous pouvez mandater notre cabinet pour r\u00e9diger un cahier des charges et consulter l\u2019ensemble des professionnels de la r\u00e9gion. Pour des projets complets, nous pouvons <strong>d\u00e9couper le projet en lots techniques cloisonn\u00e9s. Cette phase permet de rendre lisible et compr\u00e9hensible chaque d\u00e9tail du projet par des entreprises.<\/strong><\/li>\n<\/ul>\n<ul>\n<li style=\"list-style-type: none;\">\n<ul>\n<li>Plans g\u00e9n\u00e9raux et lot par lot, 2D et 3D<\/li>\n<li>Structure<\/li>\n<li>Dispositif d\u2019\u00e9tanch\u00e9it\u00e9 et de protection des ouvrages<\/li>\n<li>Filtration et st\u00e9rilisation de l\u2019eau<\/li>\n<li>Climatisation de l\u2019eau<\/li>\n<li>Eclairage<\/li>\n<li>Supervision et gestion \u00e0 distance de la piscine<\/li>\n<\/ul>\n<\/li>\n<\/ul>\n<p>[\/vc_toggle][vc_toggle title=\u00a0\u00bbEx\u00e9cution des travaux \u00a0\u00bb open=\u00a0\u00bbtrue\u00a0\u00bb el_id=\u00a0\u00bb1457750866714-beb015d3-6580&Prime;]Notre cabinet d\u2019expertise CHF poursuit sa mission en assistant les entreprises dans leurs prestations. Nous apportons nos comp\u00e9tences et notre exp\u00e9rience pour certifier que les travaux effectu\u00e9s correspondent aux imp\u00e9ratifs du cahier des charges initial.[\/vc_toggle][\/vc_column][\/vc_row]<\/p>\n","protected":false},"excerpt":{"rendered":"<p>[vc_row row_space=\u00a0\u00bbremove_padding_top\u00a0\u00bb css=\u00a0\u00bb.vc_custom_1496072413072{padding-top: 30px !important;}\u00a0\u00bb][vc_column el_class=\u00a0\u00bbcol-border\u00a0\u00bb][vc_toggle title=\u00a0\u00bbDiagnostic\u00a0\u00bb el_id=\u00a0\u00bb1457750845689-739a48a3-2840&Prime;]La premi\u00e8re \u00e9tape qui conditionne la r\u00e9ussite de votre projet de piscine est essentielle. Il s\u2019agit de poser le bon diagnostic \u00e0 votre projet. Ce diagnostic s\u2019appuie sur plusieurs donn\u00e9es techniques qu\u2019il faut rechercher ou mesurer. Diagnostic des existants\u00a0: ce point est particuli\u00e8rement pertinent lorsqu\u2019il s\u2019agit de projet [&hellip;]<\/p>\n","protected":false},"author":1,"featured_media":0,"parent":0,"menu_order":0,"comment_status":"closed","ping_status":"closed","template":"","meta":{"footnotes":""},"class_list":["post-2644","page","type-page","status-publish","hentry"],"_links":{"self":[{"href":"https:\/\/piscines-expert.fr\/index.php?rest_route=\/wp\/v2\/pages\/2644"}],"collection":[{"href":"https:\/\/piscines-expert.fr\/index.php?rest_route=\/wp\/v2\/pages"}],"about":[{"href":"https:\/\/piscines-expert.fr\/index.php?rest_route=\/wp\/v2\/types\/page"}],"author":[{"embeddable":true,"href":"https:\/\/piscines-expert.fr\/index.php?rest_route=\/wp\/v2\/users\/1"}],"replies":[{"embeddable":true,"href":"https:\/\/piscines-expert.fr\/index.php?rest_route=%2Fwp%2Fv2%2Fcomments&post=2644"}],"version-history":[{"count":1,"href":"https:\/\/piscines-expert.fr\/index.php?rest_route=\/wp\/v2\/pages\/2644\/revisions"}],"predecessor-version":[{"id":2645,"href":"https:\/\/piscines-expert.fr\/index.php?rest_route=\/wp\/v2\/pages\/2644\/revisions\/2645"}],"wp:attachment":[{"href":"https:\/\/piscines-expert.fr\/index.php?rest_route=%2Fwp%2Fv2%2Fmedia&parent=2644"}],"curies":[{"name":"wp","href":"https:\/\/api.w.org\/{rel}","templated":true}]}}