{"id":2767,"date":"2022-03-26T07:52:58","date_gmt":"2022-03-26T06:52:58","guid":{"rendered":"https:\/\/piscines-expert.fr\/?page_id=2767"},"modified":"2022-03-26T09:22:44","modified_gmt":"2022-03-26T08:22:44","slug":"techniques-dinvestigations","status":"publish","type":"page","link":"https:\/\/piscines-expert.fr\/?page_id=2767","title":{"rendered":"Techniques d\u2019investigations"},"content":{"rendered":"<p>[vc_row el_id=\u00a0\u00bbaquarium\u00a0\u00bb css=\u00a0\u00bb.vc_custom_1537459637514{margin: 0px !important;padding: 0px !important;}\u00a0\u00bb][vc_column][vc_empty_space height=\u00a0\u00bb2px\u00a0\u00bb css=\u00a0\u00bb.vc_custom_1537459623708{margin-top: 0px !important;padding-top: 0px !important;}\u00a0\u00bb][\/vc_column][\/vc_row][vc_row row_space=\u00a0\u00bbremove_padding_top\u00a0\u00bb][vc_column width=\u00a0\u00bb1\/2&Prime;][vc_single_image image=\u00a0\u00bb2770&Prime; img_size=\u00a0\u00bbfull\u00a0\u00bb alignment=\u00a0\u00bbcenter\u00a0\u00bb][\/vc_column][vc_column width=\u00a0\u00bb1\/2&Prime;][gva_block_heading title=\u00a0\u00bbRobot\u00a0\u00bb align=\u00a0\u00bbalign-left\u00a0\u00bb desc=\u00a0\u00bbNous utilisons un robot sous-marin pour visualiser des zones immerg\u00e9es accessibles uniquement en plong\u00e9e. \u00ab\u00a0][vc_column_text]Notre drone sous-marin autonome dispose de l\u2019\u00e9quipement embarqu\u00e9 suivant&nbsp;:<\/p>\n<ul>\n<li>Autonomie 4 heures<\/li>\n<li>Profondeur d\u2019immersion jusqu\u2019\u00e0 100 m\u00e8tres<\/li>\n<li>Objectif vid\u00e9o 4K UHD \u00e0 30 image\/seconde et photographie 12 MP<\/li>\n<li>Man\u0153uvrabilit\u00e9 par 6 h\u00e9lices car\u00e9n\u00e9es ind\u00e9pendantes et stabilisation \u00e9lectronique pour prise de vue stationnaire<\/li>\n<li>Champ de vision de la cam\u00e9ra de 166\u00b0<\/li>\n<li>M\u00e9moire embarqu\u00e9e 64 Go<\/li>\n<li>Phares LED sur l\u2019avant 4000 lumens<\/li>\n<\/ul>\n<p>[\/vc_column_text][\/vc_column][\/vc_row][vc_row row_space=\u00a0\u00bbremove_padding_top\u00a0\u00bb][vc_column width=\u00a0\u00bb1\/2&Prime;][gva_block_heading title=\u00a0\u00bbD\u00e9tection de fuites\u00a0\u00bb align=\u00a0\u00bbalign-left\u00a0\u00bb desc=\u00a0\u00bbNous disposons de plusieurs dispositifs d\u2019investigation non destructif complet qui permet de localiser des fuites sur la plupart des volumes d\u2019eau. \u00ab\u00a0][vc_column_text]Ces investigations sont non destructrices et sont effectu\u00e9es avec une piscine en fonctionnement.<\/p>\n<p>Suivant la configuration de la piscine, nous utilisons&nbsp;:<\/p>\n<ul>\n<li>Testeur d\u2019\u00e9tanch\u00e9it\u00e9 par d\u00e9tection d\u2019un courant \u00e9lectrique (Leaktrack) entre l\u2019eau du bassin et la terre<\/li>\n<li>Test d\u2019\u00e9tanch\u00e9it\u00e9 des canalisations par mise en pression<\/li>\n<li>Inspection vid\u00e9o par cam\u00e9ra \u00e9tanche<\/li>\n<li>Test colorim\u00e9trique<\/li>\n<\/ul>\n<p>[\/vc_column_text][\/vc_column][vc_column width=\u00a0\u00bb1\/2&Prime;][vc_single_image image=\u00a0\u00bb2771&Prime; img_size=\u00a0\u00bbfull\u00a0\u00bb alignment=\u00a0\u00bbcenter\u00a0\u00bb][\/vc_column][\/vc_row][vc_row row_space=\u00a0\u00bbremove_padding_top\u00a0\u00bb][vc_column width=\u00a0\u00bb1\/2&Prime;][vc_single_image image=\u00a0\u00bb2773&Prime; img_size=\u00a0\u00bb200&#215;267&Prime; alignment=\u00a0\u00bbcenter\u00a0\u00bb][vc_empty_space][vc_single_image image=\u00a0\u00bb2774&Prime; img_size=\u00a0\u00bb267&#215;200&Prime; alignment=\u00a0\u00bbcenter\u00a0\u00bb][\/vc_column][vc_column width=\u00a0\u00bb1\/2&Prime;][gva_block_heading title=\u00a0\u00bbInvestigation sur des ouvrages en b\u00e9ton \u00a0\u00bb align=\u00a0\u00bbalign-left\u00a0\u00bb desc=\u00a0\u00bbNous r\u00e9alisons diff\u00e9rentes investigations sur les r\u00e9servoirs b\u00e9tonn\u00e9s. Ce type d\u2019intervention nous permet de recalculer la r\u00e9sistance de l\u2019ouvrage, de rapprocher la technique constructive des normes exig\u00e9es et de certifier la solidit\u00e9 et la durabilit\u00e9 de l\u2019ouvrage.\u00a0\u00bb][vc_column_text]Les principales missions que nous r\u00e9alisons sont les suivantes&nbsp;:<\/p>\n<ul>\n<li>Auscultation radar pour rep\u00e9rer les aciers structurels (espacement, lits d\u2019acier enrobage, vides et h\u00e9t\u00e9rog\u00e9n\u00e9it\u00e9 du mat\u00e9riau)<\/li>\n<li>Mesure de la r\u00e9sistance du b\u00e9ton au scl\u00e9rom\u00e8tre de Schmidt<\/li>\n<li>Pr\u00e9l\u00e8vement de poudre b\u00e9ton pour mesure et analyse de la teneur en agents agressifs<\/li>\n<li>Mesure de la profondeur de carbonatation<\/li>\n<li>Sondage destructif et pr\u00e9l\u00e8vement de carottes de b\u00e9ton pour mesure de la profondeur et du diam\u00e8tre des aciers<\/li>\n<\/ul>\n<p>[\/vc_column_text][\/vc_column][\/vc_row][vc_row row_space=\u00a0\u00bbremove_padding_top\u00a0\u00bb][vc_column width=\u00a0\u00bb1\/2&Prime;][gva_block_heading title=\u00a0\u00bbInvestigation sur des ouvrages en polyester \u00a0\u00bb align=\u00a0\u00bbalign-left\u00a0\u00bb desc=\u00a0\u00bbNous r\u00e9alisons diff\u00e9rentes investigations sur les coques utilis\u00e9es en piscine. L\u2019apparition de d\u00e9formations, de cloques et de taches sont des pathologies r\u00e9currentes sur ce type d\u2019ouvrage. \u00ab\u00a0][vc_column_text]Les principales investigations que nous r\u00e9alisons sont les suivantes&nbsp;:<\/p>\n<ul>\n<li>Observations microscopiques des tranches la coque mettant en \u00e9vidence les diff\u00e9rents mat\u00e9riaux constitutifs et les \u00e9ventuelles h\u00e9t\u00e9rog\u00e9n\u00e9it\u00e9s des enrobages.<\/li>\n<li>Observations au microscope infrarouge et identification des spectres d\u2019\u00e9mission<\/li>\n<li>Analyse en spectrom\u00e9trie de masse<\/li>\n<\/ul>\n<p>Ces investigations permettent de comprendre l\u2019origine des d\u00e9sordres et d\u2019identifier leur origine (vice de mat\u00e9riaux ou malfa\u00e7on dans l\u2019installation de la piscine).[\/vc_column_text][\/vc_column][vc_column width=\u00a0\u00bb1\/2&Prime;][vc_single_image image=\u00a0\u00bb2778&Prime; img_size=\u00a0\u00bb400&#215;204&Prime; alignment=\u00a0\u00bbcenter\u00a0\u00bb][vc_empty_space][vc_single_image image=\u00a0\u00bb2777&Prime; img_size=\u00a0\u00bb400&#215;204&Prime; alignment=\u00a0\u00bbcenter\u00a0\u00bb][\/vc_column][\/vc_row][vc_row row_space=\u00a0\u00bbremove_padding_top\u00a0\u00bb][vc_column width=\u00a0\u00bb1\/2&Prime;][vc_single_image image=\u00a0\u00bb2772&Prime; img_size=\u00a0\u00bb300&#215;400&Prime; alignment=\u00a0\u00bbcenter\u00a0\u00bb][vc_empty_space][\/vc_column][vc_column width=\u00a0\u00bb1\/2&Prime;][gva_block_heading title=\u00a0\u00bbMission g\u00e9otechnique de rep\u00e9rage des conditions d\u2019assise des ouvrages fondatifs\u00a0\u00bb align=\u00a0\u00bbalign-left\u00a0\u00bb][vc_column_text]Nous participons aux missions g\u00e9otechniques afin d\u2019assister les constructeurs de piscine dans le dimensionnement et le choix des syst\u00e8mes fondatifs.[\/vc_column_text][\/vc_column][\/vc_row][vc_row row_space=\u00a0\u00bbremove_padding\u00a0\u00bb css=\u00a0\u00bb.vc_custom_1496072209763{padding-top: 30px !important;}\u00a0\u00bb][vc_column][vc_single_image image=\u00a0\u00bb2667&Prime; img_size=\u00a0\u00bbfull\u00a0\u00bb alignment=\u00a0\u00bbcenter\u00a0\u00bb][\/vc_column][\/vc_row]<\/p>\n","protected":false},"excerpt":{"rendered":"<p>[vc_row el_id=\u00a0\u00bbaquarium\u00a0\u00bb css=\u00a0\u00bb.vc_custom_1537459637514{margin: 0px !important;padding: 0px !important;}\u00a0\u00bb][vc_column][vc_empty_space height=\u00a0\u00bb2px\u00a0\u00bb css=\u00a0\u00bb.vc_custom_1537459623708{margin-top: 0px !important;padding-top: 0px !important;}\u00a0\u00bb][\/vc_column][\/vc_row][vc_row row_space=\u00a0\u00bbremove_padding_top\u00a0\u00bb][vc_column width=\u00a0\u00bb1\/2&Prime;][vc_single_image image=\u00a0\u00bb2770&Prime; img_size=\u00a0\u00bbfull\u00a0\u00bb alignment=\u00a0\u00bbcenter\u00a0\u00bb][\/vc_column][vc_column width=\u00a0\u00bb1\/2&Prime;][gva_block_heading title=\u00a0\u00bbRobot\u00a0\u00bb align=\u00a0\u00bbalign-left\u00a0\u00bb desc=\u00a0\u00bbNous utilisons un robot sous-marin pour visualiser des zones immerg\u00e9es accessibles uniquement en plong\u00e9e. \u00ab\u00a0][vc_column_text]Notre drone sous-marin autonome dispose de l\u2019\u00e9quipement embarqu\u00e9 suivant&nbsp;: Autonomie 4 heures Profondeur d\u2019immersion jusqu\u2019\u00e0 100 m\u00e8tres Objectif vid\u00e9o 4K [&hellip;]<\/p>\n","protected":false},"author":1,"featured_media":0,"parent":0,"menu_order":0,"comment_status":"closed","ping_status":"closed","template":"","meta":{"footnotes":""},"class_list":["post-2767","page","type-page","status-publish","hentry"],"_links":{"self":[{"href":"https:\/\/piscines-expert.fr\/index.php?rest_route=\/wp\/v2\/pages\/2767"}],"collection":[{"href":"https:\/\/piscines-expert.fr\/index.php?rest_route=\/wp\/v2\/pages"}],"about":[{"href":"https:\/\/piscines-expert.fr\/index.php?rest_route=\/wp\/v2\/types\/page"}],"author":[{"embeddable":true,"href":"https:\/\/piscines-expert.fr\/index.php?rest_route=\/wp\/v2\/users\/1"}],"replies":[{"embeddable":true,"href":"https:\/\/piscines-expert.fr\/index.php?rest_route=%2Fwp%2Fv2%2Fcomments&post=2767"}],"version-history":[{"count":7,"href":"https:\/\/piscines-expert.fr\/index.php?rest_route=\/wp\/v2\/pages\/2767\/revisions"}],"predecessor-version":[{"id":2781,"href":"https:\/\/piscines-expert.fr\/index.php?rest_route=\/wp\/v2\/pages\/2767\/revisions\/2781"}],"wp:attachment":[{"href":"https:\/\/piscines-expert.fr\/index.php?rest_route=%2Fwp%2Fv2%2Fmedia&parent=2767"}],"curies":[{"name":"wp","href":"https:\/\/api.w.org\/{rel}","templated":true}]}}