{"id":36,"date":"2015-12-10T16:31:37","date_gmt":"2015-12-10T16:31:37","guid":{"rendered":"http:\/\/gavias-demo.website\/wp-foxin\/?page_id=36"},"modified":"2019-01-13T10:12:21","modified_gmt":"2019-01-13T09:12:21","slug":"expert-piscine","status":"publish","type":"page","link":"https:\/\/piscines-expert.fr\/","title":{"rendered":"Expert piscine"},"content":{"rendered":"<p>[vc_row fullwidth=\u00a0\u00bb0&Prime; row_space=\u00a0\u00bbremove_padding\u00a0\u00bb isfullwidth=\u00a0\u00bb0&Prime;][vc_column][gva_image_content background=\u00a0\u00bb2529&Prime;][\/gva_image_content][\/vc_column][\/vc_row][vc_row isfullwidth=\u00a0\u00bb\u00a0\u00bb css=\u00a0\u00bb.vc_custom_1496818669994{padding-bottom: 20px !important;}\u00a0\u00bb][vc_column][vc_row_inner][vc_column_inner][vc_single_image image=\u00a0\u00bb2502&Prime; img_size=\u00a0\u00bbmedium\u00a0\u00bb alignment=\u00a0\u00bbcenter\u00a0\u00bb][gva_block_heading title=\u00a0\u00bbExpertise piscine \u00a0\u00bb desc=\u00a0\u00bbL&rsquo;expert piscine intervient \u00e0 plusieurs niveaux\u00a0\u00bb][\/vc_column_inner][\/vc_row_inner][vc_row_inner][vc_column_inner offset=\u00a0\u00bbvc_col-lg-4 vc_col-md-4&Prime; css=\u00a0\u00bb.vc_custom_1536144119483{padding-top: 20px !important;padding-bottom: 20px !important;}\u00a0\u00bb][gva_box_card title=\u00a0\u00bbExpertise et conciliation\u00a0\u00bb icon=\u00a0\u00bbgv-icon-650&Prime;]Nous sommes un cabinet d\u2019expertise sp\u00e9cialis\u00e9 dans le d\u00e9veloppement de piscines et de jeux d\u2019eau.[\/gva_box_card][\/vc_column_inner][vc_column_inner offset=\u00a0\u00bbvc_col-lg-4 vc_col-md-4&Prime;][gva_box_card title=\u00a0\u00bb Diagnostic &amp; accompagnement\u00a0\u00bb icon=\u00a0\u00bbgv-icon-1024&Prime;]Notre mission consiste \u00e0 accompagner les porteurs de projets, publics ou priv\u00e9s, dans la gestion de la conception et de la construction de leur piscine.[\/gva_box_card][\/vc_column_inner][vc_column_inner offset=\u00a0\u00bbvc_col-lg-4 vc_col-md-4&Prime;][gva_box_card title=\u00a0\u00bbAssistance et solutions\u00a0\u00bb icon=\u00a0\u00bbgv-icon-514&Prime;]De la faisabilit\u00e9 du projet \u00e0 la r\u00e9alisation, de la gestion courante \u00e0 la solution d\u2019un probl\u00e8me en passant par la l\u2019assistance \u00e0 la r\u00e9solution des litiges avec les professionnels. [\/gva_box_card][\/vc_column_inner][\/vc_row_inner][\/vc_column][\/vc_row][vc_row row_space=\u00a0\u00bbpadding-large\u00a0\u00bb css=\u00a0\u00bb.vc_custom_1496821461237{background-color: #2a2a2a !important;}\u00a0\u00bb][vc_column][vc_row_inner][vc_column_inner][gva_block_heading title=\u00a0\u00bbNotre expertise\u00a0\u00bb style_text=\u00a0\u00bbtext-light\u00a0\u00bb desc=\u00a0\u00bbEtude et gestion de votre projet de piscine, de litige&#8230;\u00a0\u00bb][\/vc_column_inner][\/vc_row_inner][vc_row_inner][vc_column_inner width=\u00a0\u00bb1\/3&Prime;][gva_icon_box title=\u00a0\u00bbVOTRE PROJET\u00a0\u00bb icon=\u00a0\u00bbgv-icon-650&Prime; description=\u00a0\u00bbDu diagnostic \u00e0 l&rsquo;ex\u00e9cution des travaux.\u00a0\u00bb background_box=\u00a0\u00bb#f5f5f5&Prime; link=\u00a0\u00bb?page_id=2483&Prime; icon_width=\u00a0\u00bbfa-2x\u00a0\u00bb][\/vc_column_inner][vc_column_inner width=\u00a0\u00bb1\/3&Prime;][gva_icon_box title=\u00a0\u00bbGESTION DE VOTRE PISCINE\u00a0\u00bb icon=\u00a0\u00bbgv-icon-1024&Prime; description=\u00a0\u00bbDu conseil \u00e0 l&rsquo;intervention technique\u00a0\u00bb background_box=\u00a0\u00bb#f5f5f5&Prime; link=\u00a0\u00bb#\u00a0\u00bb icon_width=\u00a0\u00bbfa-2x\u00a0\u00bb][\/vc_column_inner][vc_column_inner width=\u00a0\u00bb1\/3&Prime;][gva_icon_box title=\u00a0\u00bbGESTIONS DE LITIGES \u00a0\u00bb icon=\u00a0\u00bbgv-icon-514&Prime; description=\u00a0\u00bbDe l&rsquo;expertise \u00e0 la conciliation\u00a0\u00bb background_box=\u00a0\u00bb#f5f5f5&Prime; link=\u00a0\u00bb#\u00a0\u00bb icon_width=\u00a0\u00bbfa-2x\u00a0\u00bb][\/vc_column_inner][\/vc_row_inner][vc_row_inner][vc_column_inner width=\u00a0\u00bb1\/2&Prime;][gva_icon_box title=\u00a0\u00bbPROJETS SINGULIERS\u00a0\u00bb icon=\u00a0\u00bbgv-icon-650&Prime; description=\u00a0\u00bbPiscines biologiques, paroi transparente, un aquarium dans la piscine&#8230; Nous sommes \u00e0 votre \u00e9coute.\u00a0\u00bb icon_position=\u00a0\u00bbleft\u00a0\u00bb background_box=\u00a0\u00bb#f5f5f5&Prime; link=\u00a0\u00bb?page_id=2483&Prime; icon_width=\u00a0\u00bbfa-2x\u00a0\u00bb][\/vc_column_inner][vc_column_inner width=\u00a0\u00bb1\/2&Prime;][gva_icon_box title=\u00a0\u00bbUN PROBLEME\u00a0\u00bb icon=\u00a0\u00bbgv-icon-514&Prime; description=\u00a0\u00bbFuites, structure, filtration, climatisation&#8230; vous rencontrez un probl\u00e8me, nous sommes l\u00e0 pour vous aider.\u00a0\u00bb icon_position=\u00a0\u00bbleft\u00a0\u00bb background_box=\u00a0\u00bb#f5f5f5&Prime; link=\u00a0\u00bb#\u00a0\u00bb icon_width=\u00a0\u00bbfa-2x\u00a0\u00bb][\/vc_column_inner][\/vc_row_inner][\/vc_column][\/vc_row][vc_row css=\u00a0\u00bb.vc_custom_1496820477672{background-color: #f6f9fc !important;}\u00a0\u00bb][vc_column width=\u00a0\u00bb1\/2&Prime;][\/vc_column][vc_column width=\u00a0\u00bb1\/2&Prime;][\/vc_column][\/vc_row]<\/p>\n","protected":false},"excerpt":{"rendered":"<p>[vc_row fullwidth=\u00a0\u00bb0&Prime; row_space=\u00a0\u00bbremove_padding\u00a0\u00bb isfullwidth=\u00a0\u00bb0&Prime;][vc_column][gva_image_content background=\u00a0\u00bb2529&Prime;][\/gva_image_content][\/vc_column][\/vc_row][vc_row isfullwidth=\u00a0\u00bb\u00a0\u00bb css=\u00a0\u00bb.vc_custom_1496818669994{padding-bottom: 20px !important;}\u00a0\u00bb][vc_column][vc_row_inner][vc_column_inner][vc_single_image image=\u00a0\u00bb2502&Prime; img_size=\u00a0\u00bbmedium\u00a0\u00bb alignment=\u00a0\u00bbcenter\u00a0\u00bb][gva_block_heading title=\u00a0\u00bbExpertise piscine \u00a0\u00bb desc=\u00a0\u00bbL&rsquo;expert piscine intervient \u00e0 plusieurs niveaux\u00a0\u00bb][\/vc_column_inner][\/vc_row_inner][vc_row_inner][vc_column_inner offset=\u00a0\u00bbvc_col-lg-4 vc_col-md-4&Prime; css=\u00a0\u00bb.vc_custom_1536144119483{padding-top: 20px !important;padding-bottom: 20px !important;}\u00a0\u00bb][gva_box_card title=\u00a0\u00bbExpertise et conciliation\u00a0\u00bb icon=\u00a0\u00bbgv-icon-650&Prime;]Nous sommes un cabinet d\u2019expertise sp\u00e9cialis\u00e9 dans le d\u00e9veloppement de piscines et de jeux d\u2019eau.[\/gva_box_card][\/vc_column_inner][vc_column_inner offset=\u00a0\u00bbvc_col-lg-4 vc_col-md-4&Prime;][gva_box_card title=\u00a0\u00bb Diagnostic &amp; accompagnement\u00a0\u00bb icon=\u00a0\u00bbgv-icon-1024&Prime;]Notre mission consiste [&hellip;]<\/p>\n","protected":false},"author":1,"featured_media":0,"parent":0,"menu_order":0,"comment_status":"closed","ping_status":"closed","template":"","meta":{"footnotes":""},"class_list":["post-36","page","type-page","status-publish","hentry"],"_links":{"self":[{"href":"https:\/\/piscines-expert.fr\/index.php?rest_route=\/wp\/v2\/pages\/36"}],"collection":[{"href":"https:\/\/piscines-expert.fr\/index.php?rest_route=\/wp\/v2\/pages"}],"about":[{"href":"https:\/\/piscines-expert.fr\/index.php?rest_route=\/wp\/v2\/types\/page"}],"author":[{"embeddable":true,"href":"https:\/\/piscines-expert.fr\/index.php?rest_route=\/wp\/v2\/users\/1"}],"replies":[{"embeddable":true,"href":"https:\/\/piscines-expert.fr\/index.php?rest_route=%2Fwp%2Fv2%2Fcomments&post=36"}],"version-history":[{"count":42,"href":"https:\/\/piscines-expert.fr\/index.php?rest_route=\/wp\/v2\/pages\/36\/revisions"}],"predecessor-version":[{"id":2745,"href":"https:\/\/piscines-expert.fr\/index.php?rest_route=\/wp\/v2\/pages\/36\/revisions\/2745"}],"wp:attachment":[{"href":"https:\/\/piscines-expert.fr\/index.php?rest_route=%2Fwp%2Fv2%2Fmedia&parent=36"}],"curies":[{"name":"wp","href":"https:\/\/api.w.org\/{rel}","templated":true}]}}