{"id":614,"date":"2016-03-07T03:11:22","date_gmt":"2016-03-07T03:11:22","guid":{"rendered":"http:\/\/gavias-demo.website\/wp-foxin\/?page_id=614"},"modified":"2018-09-10T10:29:19","modified_gmt":"2018-09-10T08:29:19","slug":"faq-page","status":"publish","type":"page","link":"https:\/\/piscines-expert.fr\/?page_id=614","title":{"rendered":"UN PROBLEME ?"},"content":{"rendered":"<p>[vc_row row_space=\u00a0\u00bbremove_padding_top\u00a0\u00bb css=\u00a0\u00bb.vc_custom_1496072413072{padding-top: 30px !important;}\u00a0\u00bb][vc_column el_class=\u00a0\u00bbcol-border\u00a0\u00bb][vc_toggle title=\u00a0\u00bbProbl\u00e8me de structure\u00a0\u00bb open=\u00a0\u00bbtrue\u00a0\u00bb el_id=\u00a0\u00bb1457750845689-739a48a3-2840&Prime;]Vous rencontrez un probl\u00e8me de structure\u00a0!<\/p>\n<p>&nbsp;<\/p>\n<p>La piscine se voile, se vrille, se soul\u00e8ve ou se tord\u2026<\/p>\n<p>La ma\u00e7onnerie se casse, les margelles se d\u00e9collent ou se fendent\u2026<\/p>\n<p>Des cloques ou des fissures apparaissent sur la coque de la piscine\u2026<\/p>\n<p>&nbsp;<\/p>\n<p>Nous disposons des mat\u00e9riels d\u2019investigation de terrain qui nous permettront de poser un diagnostic sur l\u2019origine et la gravit\u00e9 des d\u00e9sordres dont est affect\u00e9 votre ouvrage et d\u2019approcher un ensemble de solutions r\u00e9paratoires.<\/p>\n<p>&nbsp;<\/p>\n<p>Nous travaillons avec les professionnels de la piscine ou directement pour la propri\u00e9taire de l\u2019ouvrage dans l\u2019optique de r\u00e9soudre rapidement et \u00e0 moindre cout les difficult\u00e9s rencontr\u00e9es.[\/vc_toggle][vc_toggle title=\u00a0\u00bbProbl\u00e8me de filtration\/pompage\u00a0\u00bb el_id=\u00a0\u00bb1457750868241-e1b4ae5b-0134&Prime;]Vous rencontrez un probl\u00e8me de filtration\u00a0!<\/p>\n<p>L\u2019eau est trouble et vous ne parvenez pas \u00e0 obtenir une eau limpide\u2026<\/p>\n<p>Des odeurs, une couleur d\u00e9sagr\u00e9able\u2026<\/p>\n<p>Des bruits m\u00e9caniques persistants, des \u00e9quipements en panne, un d\u00e9bit de filtration insuffisant, des bulles d\u2019air sont refoul\u00e9es dans l\u2019eau\u2026<\/p>\n<p>&nbsp;<\/p>\n<p>Nous pouvons vous apporter une expertise hydraulique pr\u00e9cise qui permettra de diagnostiquer le ou les probl\u00e8mes et d\u2019apporter des solutions correctrices rapides.<\/p>\n<p>&nbsp;<\/p>\n<p>Nous travaillons avec les professionnels de la piscine ou directement pour la propri\u00e9taire de l\u2019ouvrage dans l\u2019optique de r\u00e9soudre rapidement et \u00e0 moindre cout les difficult\u00e9s rencontr\u00e9es.[\/vc_toggle][vc_toggle title=\u00a0\u00bbProbl\u00e8me de climatisation\u00a0\u00bb el_id=\u00a0\u00bb1457750867364-d42648bc-b4ff\u00a0\u00bb]Vous rencontrez un probl\u00e8me de climatisation\u00a0!<\/p>\n<p>Malgr\u00e9 l\u2019installation d\u2019une pompe \u00e0 chaleur, vous ne parvenez pas \u00e0 obtenir la temp\u00e9rature voulue\u2026<\/p>\n<p>La pompe \u00e0 chaleur est r\u00e9guli\u00e8rement en d\u00e9faut\u2026<\/p>\n<p>Votre installation consomme \u00e9norm\u00e9ment d\u2019\u00e9nergie\u2026<\/p>\n<p>&nbsp;<\/p>\n<p>Nous disposons des outils techniques qui qui nous permettront de r\u00e9aliser un bilan thermique de votre piscine. En contr\u00f4lant le dimensionnement de votre \u00e9quipement de chauffage, nous pourrons approcher un ensemble de solutions r\u00e9paratoires.<\/p>\n<p>&nbsp;<\/p>\n<p>Nous travaillons avec les professionnels de la piscine ou directement pour la propri\u00e9taire de l\u2019ouvrage dans l\u2019optique de r\u00e9soudre rapidement et \u00e0 moindre cout les difficult\u00e9s rencontr\u00e9es.[\/vc_toggle][vc_toggle title=\u00a0\u00bbRecherche de fuites\u00a0\u00bb el_id=\u00a0\u00bb1457750866714-beb015d3-6580&Prime;]Vous rencontrez un probl\u00e8me de climatisation\u00a0!<\/p>\n<p>Vous avez l\u2019impression que votre piscine n\u2019est pas \u00e9tanche\u2026<\/p>\n<p>Plusieurs origines \u00e0 ce d\u00e9sordre sont possibles. Nous disposons des mat\u00e9riels de recherche de fuites d\u2019eau sur tous les types de piscines. Ces investigations sont non destructives et reposent sur la mesure d\u2019une diff\u00e9rence de potentiel \u00e9lectrique entre l\u2019eau de la piscine et la terre \u00e0 proximit\u00e9. La force du signal permet de positionner avec certitude et pr\u00e9cision une rupture d\u2019\u00e9tanch\u00e9it\u00e9 m\u00eame minime.<\/p>\n<p>Suivant la configuration de la piscine, nous pouvons aller jusqu\u2019\u00e0 la r\u00e9paration de la fuite en plong\u00e9e.[\/vc_toggle][\/vc_column][\/vc_row]<\/p>\n","protected":false},"excerpt":{"rendered":"<p>[vc_row row_space=\u00a0\u00bbremove_padding_top\u00a0\u00bb css=\u00a0\u00bb.vc_custom_1496072413072{padding-top: 30px !important;}\u00a0\u00bb][vc_column el_class=\u00a0\u00bbcol-border\u00a0\u00bb][vc_toggle title=\u00a0\u00bbProbl\u00e8me de structure\u00a0\u00bb open=\u00a0\u00bbtrue\u00a0\u00bb el_id=\u00a0\u00bb1457750845689-739a48a3-2840&Prime;]Vous rencontrez un probl\u00e8me de structure\u00a0! &nbsp; La piscine se voile, se vrille, se soul\u00e8ve ou se tord\u2026 La ma\u00e7onnerie se casse, les margelles se d\u00e9collent ou se fendent\u2026 Des cloques ou des fissures apparaissent sur la coque de la piscine\u2026 &nbsp; Nous disposons des [&hellip;]<\/p>\n","protected":false},"author":1,"featured_media":0,"parent":0,"menu_order":0,"comment_status":"closed","ping_status":"closed","template":"","meta":{"footnotes":""},"class_list":["post-614","page","type-page","status-publish","hentry"],"_links":{"self":[{"href":"https:\/\/piscines-expert.fr\/index.php?rest_route=\/wp\/v2\/pages\/614"}],"collection":[{"href":"https:\/\/piscines-expert.fr\/index.php?rest_route=\/wp\/v2\/pages"}],"about":[{"href":"https:\/\/piscines-expert.fr\/index.php?rest_route=\/wp\/v2\/types\/page"}],"author":[{"embeddable":true,"href":"https:\/\/piscines-expert.fr\/index.php?rest_route=\/wp\/v2\/users\/1"}],"replies":[{"embeddable":true,"href":"https:\/\/piscines-expert.fr\/index.php?rest_route=%2Fwp%2Fv2%2Fcomments&post=614"}],"version-history":[{"count":3,"href":"https:\/\/piscines-expert.fr\/index.php?rest_route=\/wp\/v2\/pages\/614\/revisions"}],"predecessor-version":[{"id":2616,"href":"https:\/\/piscines-expert.fr\/index.php?rest_route=\/wp\/v2\/pages\/614\/revisions\/2616"}],"wp:attachment":[{"href":"https:\/\/piscines-expert.fr\/index.php?rest_route=%2Fwp%2Fv2%2Fmedia&parent=614"}],"curies":[{"name":"wp","href":"https:\/\/api.w.org\/{rel}","templated":true}]}}